{"id":104,"date":"2018-03-13T18:06:39","date_gmt":"2018-03-13T18:06:39","guid":{"rendered":"http:\/\/jessys-pflegedienst.de\/?page_id=104"},"modified":"2018-03-13T18:06:39","modified_gmt":"2018-03-13T18:06:39","slug":"kontakt-2","status":"publish","type":"page","link":"https:\/\/jessys-pflegedienst.de\/?page_id=104","title":{"rendered":"Kontakt"},"content":{"rendered":"<p>F\u00fcr weitere Informationen und n\u00e4here Ausk\u00fcnfte stehen wir Ihnen pers\u00f6nlich zur Verf\u00fcgung:<\/p>\n<p>Unsere Zeiten:<\/p>\n<p>Montag &#8211; Donnerstag 8:00 &#8211; 17:00<br \/>\nFreitag 8:00 &#8211; 14:00<\/p>\n<p>Unsere Rufbereitschaft ist nat\u00fcrlich 24 Stunden rund um die Uhr f\u00fcr Sie da<\/p>\n<p>Tel.: 033972\/20780<\/p>\n<p>Fax: 033972\/204232<\/p>\n<p>eMail: <a href=\"mailto:info@jessys-pflegedienst.de\">info@jessys-pflegedienst.de<\/a><\/p>\n<p>Vereinbaren Sie einen unverbindlichen Gespr\u00e4chstermin oder lassen Sie sich dirket am Telefon beraten &#8211; ganz wie Sie m\u00f6chten.<\/p>\n<p>Sie haben Interesse? Rufen Sie uns an oder senden Sie uns eine E-Mail.<br \/>\nWir beraten Sie gerne.<\/p>\n","protected":false},"excerpt":{"rendered":"<p>F\u00fcr weitere Informationen und n\u00e4here Ausk\u00fcnfte stehen wir Ihnen pers\u00f6nlich zur Verf\u00fcgung: Unsere Zeiten: Montag &#8211; Donnerstag 8:00 &#8211; 17:00 Freitag 8:00 &#8211; 14:00 Unsere Rufbereitschaft ist nat\u00fcrlich 24 Stunden rund um die Uhr f\u00fcr Sie da Tel.: 033972\/20780 Fax: 033972\/204232 eMail: info@jessys-pflegedienst.de Vereinbaren Sie einen unverbindlichen Gespr\u00e4chstermin oder lassen [&hellip;]<\/p>\n","protected":false},"author":2,"featured_media":0,"parent":0,"menu_order":0,"comment_status":"closed","ping_status":"closed","template":"","meta":[],"_links":{"self":[{"href":"https:\/\/jessys-pflegedienst.de\/index.php?rest_route=\/wp\/v2\/pages\/104"}],"collection":[{"href":"https:\/\/jessys-pflegedienst.de\/index.php?rest_route=\/wp\/v2\/pages"}],"about":[{"href":"https:\/\/jessys-pflegedienst.de\/index.php?rest_route=\/wp\/v2\/types\/page"}],"author":[{"embeddable":true,"href":"https:\/\/jessys-pflegedienst.de\/index.php?rest_route=\/wp\/v2\/users\/2"}],"replies":[{"embeddable":true,"href":"https:\/\/jessys-pflegedienst.de\/index.php?rest_route=%2Fwp%2Fv2%2Fcomments&post=104"}],"version-history":[{"count":1,"href":"https:\/\/jessys-pflegedienst.de\/index.php?rest_route=\/wp\/v2\/pages\/104\/revisions"}],"predecessor-version":[{"id":106,"href":"https:\/\/jessys-pflegedienst.de\/index.php?rest_route=\/wp\/v2\/pages\/104\/revisions\/106"}],"wp:attachment":[{"href":"https:\/\/jessys-pflegedienst.de\/index.php?rest_route=%2Fwp%2Fv2%2Fmedia&parent=104"}],"curies":[{"name":"wp","href":"https:\/\/api.w.org\/{rel}","templated":true}]}}