{"id":108,"date":"2018-03-13T18:22:54","date_gmt":"2018-03-13T18:22:54","guid":{"rendered":"http:\/\/jessys-pflegedienst.de\/?page_id=108"},"modified":"2018-03-13T20:14:49","modified_gmt":"2018-03-13T20:14:49","slug":"gaestebuch","status":"publish","type":"page","link":"https:\/\/jessys-pflegedienst.de\/?page_id=108","title":{"rendered":"G\u00e4stebuch"},"content":{"rendered":"<p>Wir freuen uns sehr dass Sie den Weg auf unsere Homepage gefunden haben,<br \/>\ndie wir mit unserem Webmaster, Marcel Mentzel mit viel Liebe f\u00fcr Sie zu Recht gebastelt haben.<br \/>\nWir hoffen sie finden sich zurecht und sie haben einige Fragen beantwortet bekommen und uns schon mal virtuell kennenlernen k\u00f6nnen.<br \/>\nWir w\u00fcrden uns sehr \u00fcber Eintragungen freuen, aber klar in erster Linie wenn sie sich jetzt trauen uns direkt zu kontaktieren.<br \/>\nWir freuen uns \u00fcber Ihren Kontakt und verbleiben erst einmal auf ein baldiges Wiedersehen<br \/>\nLiebe Gr\u00fc\u00dfe<br \/>\nOliver und Jessica Dorow<\/p>\n<div class=\"gwolle-gb\"><div class=\"gwolle_gb_messages_top_container\"><\/div>\n\t\t\t<div class=\"gwolle-gb-write-button\">\n\t\t\t\t<input type=\"button\" name=\"gwolle-gb-write-button\" class=\"button btn btn-default \" value=\"&raquo; Neuen Eintrag schreiben\" \/>\n\t\t\t<\/div>\n\t\t\t<form action=\"#\" method=\"POST\" class=\"gwolle-gb-write gwolle-gb-hide gwolle-gb-float gwolle_gb_form_ajax gwolle-gb-form-ajax\">\n\t\t\t\t<h3>Einen neuen Eintrag f\u00fcr das G\u00e4stebuch schreiben<\/h3>\n\t\t\t\t<button type=\"button\" class=\"gb-notice-dismiss\">x<span class=\"screen-reader-text\">Dieses Formular ausblenden<\/span><\/button>\n\t\t\t\n\t\t\t\t<input type=\"hidden\" name=\"gwolle_gb_function\" class=\"gwolle_gb_function\" value=\"add_entry\" \/><input type=\"hidden\" name=\"gwolle_gb_book_id\" class=\"gwolle_gb_book_id\" value=\"1\" \/><div class=\"gwolle_gb_b869afb46f21b9f426fcf87cbd1ff4ce\">\n\t\t\t\t<div class=\"label\"><label for=\"gwolle_gb_b869afb46f21b9f426fcf87cbd1ff4ce\" class=\"text-info\">Name *<\/label><\/div>\n\t\t\t\t<div class=\"input\"><input class=\"wp-exclude-emoji gwolle_gb_b869afb46f21b9f426fcf87cbd1ff4ce\" value=\"\" type=\"text\" name=\"gwolle_gb_b869afb46f21b9f426fcf87cbd1ff4ce\" required \/><\/div>\n\t\t\t<\/div>\n\t\t\t<div class=\"clearBoth\">&nbsp;<\/div><div class=\"gwolle_gb_75232bbfd5677a7e5d1d3fbbfc5c7c06\">\n\t\t\t\t\t<div class=\"label\"><label for=\"gwolle_gb_75232bbfd5677a7e5d1d3fbbfc5c7c06\" class=\"text-info\">Ort<\/label><\/div>\n\t\t\t\t\t<div class=\"input\"><input class=\"wp-exclude-emoji gwolle_gb_75232bbfd5677a7e5d1d3fbbfc5c7c06\" value=\"\" type=\"text\" name=\"gwolle_gb_75232bbfd5677a7e5d1d3fbbfc5c7c06\" \/><\/div>\n\t\t\t\t<\/div>\n\t\t\t\t<div class=\"clearBoth\">&nbsp;<\/div><div class=\"gwolle_gb_967a305146c214fb8454db47ed07fdab\">\n\t\t\t\t<div class=\"label\"><label for=\"gwolle_gb_967a305146c214fb8454db47ed07fdab\" class=\"text-info\">E-Mail *<\/label><\/div>\n\t\t\t\t<div class=\"input\"><input class=\"gwolle_gb_967a305146c214fb8454db47ed07fdab\" value=\"\" type=\"email\" name=\"gwolle_gb_967a305146c214fb8454db47ed07fdab\" required \/><\/div>\n\t\t\t<\/div>\n\t\t\t<div class=\"clearBoth\">&nbsp;<\/div><div class=\"gwolle_gb_c05bcf2bd015f515ee4c557b9fed6e17\">\n\t\t\t\t<div class=\"label\"><label for=\"gwolle_gb_c05bcf2bd015f515ee4c557b9fed6e17\" class=\"text-info\">Website<\/label><\/div>\n\t\t\t\t<div class=\"input\"><input class=\"gwolle_gb_c05bcf2bd015f515ee4c557b9fed6e17\" value=\"\" type=\"url\" name=\"gwolle_gb_c05bcf2bd015f515ee4c557b9fed6e17\" \/><\/div>\n\t\t\t<\/div>\n\t\t\t<div class=\"clearBoth\">&nbsp;<\/div>\n\t\t\t<div class=\"gwolle_gb_74024ceae3b903e6960ac41aa985c9b0\" style=\"display:none;\">\n\t\t\t\t<div class=\"label\">\n\t\t\t\t\t<label for=\"gwolle_gb_74024ceae3b903e6960ac41aa985c9b0\" class=\"text-primary\">Hier nichts eingeben<\/label>\n\t\t\t\t\t<label for=\"gwolle_gb_1817ce3503692d8ea6726a43aa0346c6\" class=\"text-primary\">Hier nichts eingeben<\/label>\n\t\t\t\t<\/div>\n\t\t\t\t<div class=\"input\">\n\t\t\t\t\t<input value=\"46\" type=\"text\" name=\"gwolle_gb_74024ceae3b903e6960ac41aa985c9b0\" class=\"gwolle_gb_74024ceae3b903e6960ac41aa985c9b0\" \/>\n\t\t\t\t\t<input value=\"\" type=\"text\" name=\"gwolle_gb_1817ce3503692d8ea6726a43aa0346c6\" class=\"gwolle_gb_1817ce3503692d8ea6726a43aa0346c6\" \/>\n\t\t\t\t<\/div>\n\t\t\t<\/div>\n\t\t\t<div class=\"clearBoth\"><\/div>\n\t\t\t<div class=\"gwolle_gb_2698bf0cc9f049281e4ee07930e25ac8\" style=\"display:none;\">\n\t\t\t\t<div class=\"label\">\n\t\t\t\t\t<label for=\"gwolle_gb_2698bf0cc9f049281e4ee07930e25ac8\" class=\"text-primary\">Hier nichts eingeben<\/label>\n\t\t\t\t\t<label for=\"gwolle_gb_975480c633bd9c3f26df355febafecff\" class=\"text-primary\">Hier nichts eingeben<\/label>\n\t\t\t\t<\/div>\n\t\t\t\t<div class=\"input\">\n\t\t\t\t\t<input value=\"94821\" type=\"text\" name=\"gwolle_gb_2698bf0cc9f049281e4ee07930e25ac8\" class=\"gwolle_gb_2698bf0cc9f049281e4ee07930e25ac8\" \/>\n\t\t\t\t\t<input value=\"94821\" type=\"text\" name=\"gwolle_gb_975480c633bd9c3f26df355febafecff\" class=\"gwolle_gb_975480c633bd9c3f26df355febafecff\" \/>\n\t\t\t\t<\/div>\n\t\t\t<\/div>\n\t\t\t<div class=\"clearBoth\"><\/div><div class=\"gwolle_gb_content\">\n\t\t\t\t<div class=\"label\"><label for=\"gwolle_gb_content\" class=\"text-info\">G\u00e4stebucheintrag *<\/label><\/div>\n\t\t\t\t<div class=\"input\"><textarea name=\"gwolle_gb_content\" class=\"gwolle_gb_content wp-exclude-emoji\" required ><\/textarea><\/div>\n\t\t\t\t<\/div>\n\t\t\t<div class=\"clearBoth\">&nbsp;<\/div><input type=\"hidden\" class=\"gwolle_gb_81d189270a6a9799ef1ebc862510aafa\" name=\"gwolle_gb_81d189270a6a9799ef1ebc862510aafa\" value=\"22648c50b2\" \/>\n\t\t\t<div class=\"gwolle_gb_messages_bottom_container\"><\/div>\n\n\t\t\t<noscript><div class=\"no-js\">Warnung: Dieses Formular kann nur verwendet werden, wenn in deinem Browser JavaScript aktiviert ist.<\/div><\/noscript>\n\n\t\t\t<div class=\"gwolle_gb_submit\">\n\t\t\t\t<div class=\"label gwolle-gb-invisible text-muted\">&nbsp;<\/div>\n\t\t\t\t<div class=\"input\">\n\t\t\t\t\t<input type=\"submit\" name=\"gwolle_gb_submit\" class=\"gwolle_gb_submit button btn btn-primary \" value=\"Absenden\" \/>\n\t\t\t\t\t<span class=\"gwolle_gb_submit_ajax_icon\"><\/span>\n\t\t\t\n\t\t\t\t<\/div>\n\t\t\t<\/div>\n\t\t\t<div class=\"clearBoth\">&nbsp;<\/div>\n\n\t\t\t<div class=\"gwolle_gb_notice\">\n\t\t\t\tMit * gekennzeichnete Felder sind Pflichtfelder.<br \/>\r\nDie E-Mail-Adresse wird nicht ver\u00f6ffentlicht.<br \/>\r\nAus Sicherheitsgr\u00fcnden speichern wir die IP-Adresse 216.73.216.123.<br \/>\r\nEs k\u00f6nnte sein, dass der Eintrag im G\u00e4stebuch erst sichtbar ist, nachdem wir ihn gepr\u00fcft haben.<br \/>\r\nWir behalten uns das Recht vor, Eintr\u00e4ge zu bearbeiten, zu l\u00f6schen oder Eintr\u00e4ge nicht zu ver\u00f6ffentlichen.\n\t\t\t<\/div><\/form><div class=\"gwolle-gb-read \" data-book_id=\"1\"><div id=\"gwolle-gb-total\">7 Eintr\u00e4ge<\/div><!-- Gwolle-GB Entry: Default Template Loaded -->\n\t\t\t\t<div class=\"gb-entry gb-entry_9 gb-entry-count_1 gwolle_gb_uneven gwolle-gb-uneven gwolle_gb_first gwolle-gb-first\">\n\t\t\t\t<article>\n\t\t\t\t\t<div class=\"gb-author-info\">\n\t\t\t\t\t\t<span class=\"gb-author-name\">Christina Merkle Maushake\n\t\t\t\t\t\t<\/span>\n\t\t\t\t\t\t<span class=\"gb-author-origin\"> aus Gumtow<\/span>\n\t\t\t\t\t\t<span class=\"gb-datetime\">\n\t\t\t\t\t\t\t<span class=\"gb-date\"> schrieb am 24. Oktober 2022<\/span><span class=\"gb-time\"> um 16:26<\/span>:\n\t\t\t\t\t\t<\/span> \n\t\t\t\t\t<\/div>\n\t\t\t\t\t<div class=\"gb-entry-content\">Service Spitze. Immer freundlich.Nur zu empfehlen.\n\t\t\t\t\t<\/div>\n\t\t\t\t<\/article>\n\t\t\t<\/div>\n\t\t\t<div class=\"gb-entry gb-entry_8 gb-entry-count_2 gwolle_gb_even gwolle-gb-even\">\n\t\t\t\t<article>\n\t\t\t\t\t<div class=\"gb-author-info\">\n\t\t\t\t\t\t<span class=\"gb-author-name\">Rainer Busch\n\t\t\t\t\t\t<\/span>\n\t\t\t\t\t\t<span class=\"gb-datetime\">\n\t\t\t\t\t\t\t<span class=\"gb-date\"> schrieb am 13. September 2021<\/span><span class=\"gb-time\"> um 20:23<\/span>:\n\t\t\t\t\t\t<\/span> \n\t\t\t\t\t<\/div>\n\t\t\t\t\t<div class=\"gb-entry-content\">Liebes Pflegedienstteam,\nvielen Dank f\u00fcr die liebevolle Pflege und Betreuung.\nIhr ward immer da wenn wir euch brauchten und habt immer tolle Arbeit gemacht. Wir werden euch weiter empfehlen und ihr bekommt f\u00fcnf von f\u00fcnf Punkten. Macht weiter so.\n\t\t\t\t\t<\/div>\n\t\t\t\t<\/article>\n\t\t\t<\/div>\n\t\t\t<div class=\"gb-entry gb-entry_7 gb-entry-count_3 gwolle_gb_uneven gwolle-gb-uneven\">\n\t\t\t\t<article>\n\t\t\t\t\t<div class=\"gb-author-info\">\n\t\t\t\t\t\t<span class=\"gb-author-name\"><a href=\"http:\/\/www.derunternehmenscoach.de\" target=\"_blank\" rel=\"nofollow noopener noreferrer\"\n\t\t\t\t\t\t\ttitle=\"Besuche die Website von Sven Sch\u00f6n: http:\/\/www.derunternehmenscoach.de\">Sven Sch\u00f6n<\/a>\n\t\t\t\t\t\t<\/span>\n\t\t\t\t\t\t<span class=\"gb-author-origin\"> aus Gro\u00df Pankow<\/span>\n\t\t\t\t\t\t<span class=\"gb-datetime\">\n\t\t\t\t\t\t\t<span class=\"gb-date\"> schrieb am 10. Dezember 2020<\/span><span class=\"gb-time\"> um 8:54<\/span>:\n\t\t\t\t\t\t<\/span> \n\t\t\t\t\t<\/div>\n\t\t\t\t\t<div class=\"gb-entry-content\">Liebes Team von Jessy\u00b4s Pflegedienst, die Zeiten in der Pandemiekriese sind f\u00fcr alle hart, auch f\u00fcr euch. Haltet durch, gemeinsam werden wir es schaffen.\nDie noch fehlenden Puzzelteile f\u00fcgen wir gemeinsam in euer Bild.\n\t\t\t\t\t<\/div>\n\t\t\t\t<\/article>\n\t\t\t<\/div>\n\t\t\t<div class=\"gb-entry gb-entry_6 gb-entry-count_4 gwolle_gb_even gwolle-gb-even\">\n\t\t\t\t<article>\n\t\t\t\t\t<div class=\"gb-author-info\">\n\t\t\t\t\t\t<span class=\"gb-author-name\">Stephanie Wittki\n\t\t\t\t\t\t<\/span>\n\t\t\t\t\t\t<span class=\"gb-author-origin\"> aus Hamburg<\/span>\n\t\t\t\t\t\t<span class=\"gb-datetime\">\n\t\t\t\t\t\t\t<span class=\"gb-date\"> schrieb am 13. Dezember 2019<\/span><span class=\"gb-time\"> um 13:48<\/span>:\n\t\t\t\t\t\t<\/span> \n\t\t\t\t\t<\/div>\n\t\t\t\t\t<div class=\"gb-entry-content\">Ich habe Jessy\u2018s Pflegedienst \u00fcber eine gemeinsame Bekannte kennen lernen d\u00fcrfen und kann nur sagen. Jedes einzelne Telefonat was wir f\u00fchrten, war immer l\u00f6sungsorientiert gef\u00fchrt sowie offen und ganzheitlich. Das Team ist sehr respektvoll und trotzdem \u201egef\u00fchlt\u201c wie vertraut. \nDanke das es euch gibt und macht bitte weiter so.\n\t\t\t\t\t<\/div>\n\t\t\t\t<\/article>\n\t\t\t<\/div>\n\t\t\t<div class=\"gb-entry gb-entry_5 gb-entry-count_5 gwolle_gb_uneven gwolle-gb-uneven\">\n\t\t\t\t<article>\n\t\t\t\t\t<div class=\"gb-author-info\">\n\t\t\t\t\t\t<span class=\"gb-author-name\">Ra\n\t\t\t\t\t\t<\/span>\n\t\t\t\t\t\t<span class=\"gb-author-origin\"> aus Opr<\/span>\n\t\t\t\t\t\t<span class=\"gb-datetime\">\n\t\t\t\t\t\t\t<span class=\"gb-date\"> schrieb am 9. Mai 2019<\/span><span class=\"gb-time\"> um 13:24<\/span>:\n\t\t\t\t\t\t<\/span> \n\t\t\t\t\t<\/div>\n\t\t\t\t\t<div class=\"gb-entry-content\">Das Leben ist auch ein Plagegeist. WEITERMACHEN!\n\t\t\t\t\t<\/div>\n\t\t\t\t<\/article>\n\t\t\t<\/div>\n\t\t\t<div class=\"gb-entry gb-entry_4 gb-entry-count_6 gwolle_gb_even gwolle-gb-even\">\n\t\t\t\t<article>\n\t\t\t\t\t<div class=\"gb-author-info\">\n\t\t\t\t\t\t<span class=\"gb-author-name\">Jessy\n\t\t\t\t\t\t<\/span>\n\t\t\t\t\t\t<span class=\"gb-author-origin\"> aus Barenthin<\/span>\n\t\t\t\t\t\t<span class=\"gb-datetime\">\n\t\t\t\t\t\t\t<span class=\"gb-date\"> schrieb am 13. M\u00e4rz 2018<\/span><span class=\"gb-time\"> um 20:45<\/span>:\n\t\t\t\t\t\t<\/span> \n\t\t\t\t\t<\/div>\n\t\t\t\t\t<div class=\"gb-entry-content\">Herzlich willkommen auf unserer Homepage. Wir freuen uns Sie\/Euch hier begr\u00fc\u00dfen zu d\u00fcrfen und stehen Ihnen\/Euch auch per Telefon gerne zur Verf\u00fcgung.\n\t\t\t\t\t<\/div>\n\t\t\t\t<\/article>\n\t\t\t<\/div>\n\t\t\t<div class=\"gb-entry gb-entry_3 gb-entry-count_7 gwolle_gb_uneven gwolle-gb-uneven\">\n\t\t\t\t<article>\n\t\t\t\t\t<div class=\"gb-author-info\">\n\t\t\t\t\t\t<span class=\"gb-author-name\"><a href=\"http:\/\/jessys-pflegedienst.de\" target=\"_blank\" rel=\"nofollow noopener noreferrer\"\n\t\t\t\t\t\t\ttitle=\"Besuche die Website von cally: http:\/\/jessys-pflegedienst.de\">cally<\/a>\n\t\t\t\t\t\t<\/span>\n\t\t\t\t\t\t<span class=\"gb-author-origin\"> aus Hamburg<\/span>\n\t\t\t\t\t\t<span class=\"gb-datetime\">\n\t\t\t\t\t\t\t<span class=\"gb-date\"> schrieb am 13. M\u00e4rz 2018<\/span><span class=\"gb-time\"> um 18:29<\/span>:\n\t\t\t\t\t\t<\/span> \n\t\t\t\t\t<\/div>\n\t\t\t\t\t<div class=\"gb-entry-content\">Hallo und Willkommen in unserem G\u00e4stebuch\n\t\t\t\t\t<\/div>\n\t\t\t\t<\/article>\n\t\t\t<\/div>\n\t\t\t<\/div><\/div>\n","protected":false},"excerpt":{"rendered":"<p>Wir freuen uns sehr dass Sie den Weg auf unsere Homepage gefunden haben, die wir mit unserem Webmaster, Marcel Mentzel mit viel Liebe f\u00fcr Sie zu Recht gebastelt haben. Wir hoffen sie finden sich zurecht und sie haben einige Fragen beantwortet bekommen und uns schon mal virtuell kennenlernen k\u00f6nnen. Wir [&hellip;]<\/p>\n","protected":false},"author":2,"featured_media":0,"parent":0,"menu_order":0,"comment_status":"closed","ping_status":"closed","template":"","meta":[],"_links":{"self":[{"href":"https:\/\/jessys-pflegedienst.de\/index.php?rest_route=\/wp\/v2\/pages\/108"}],"collection":[{"href":"https:\/\/jessys-pflegedienst.de\/index.php?rest_route=\/wp\/v2\/pages"}],"about":[{"href":"https:\/\/jessys-pflegedienst.de\/index.php?rest_route=\/wp\/v2\/types\/page"}],"author":[{"embeddable":true,"href":"https:\/\/jessys-pflegedienst.de\/index.php?rest_route=\/wp\/v2\/users\/2"}],"replies":[{"embeddable":true,"href":"https:\/\/jessys-pflegedienst.de\/index.php?rest_route=%2Fwp%2Fv2%2Fcomments&post=108"}],"version-history":[{"count":5,"href":"https:\/\/jessys-pflegedienst.de\/index.php?rest_route=\/wp\/v2\/pages\/108\/revisions"}],"predecessor-version":[{"id":114,"href":"https:\/\/jessys-pflegedienst.de\/index.php?rest_route=\/wp\/v2\/pages\/108\/revisions\/114"}],"wp:attachment":[{"href":"https:\/\/jessys-pflegedienst.de\/index.php?rest_route=%2Fwp%2Fv2%2Fmedia&parent=108"}],"curies":[{"name":"wp","href":"https:\/\/api.w.org\/{rel}","templated":true}]}}