{"id":46,"date":"2018-03-12T20:39:29","date_gmt":"2018-03-12T20:39:29","guid":{"rendered":"http:\/\/jessys-pflegedienst.de\/?page_id=46"},"modified":"2018-03-12T20:39:29","modified_gmt":"2018-03-12T20:39:29","slug":"beratung-planung","status":"publish","type":"page","link":"https:\/\/jessys-pflegedienst.de\/?page_id=46","title":{"rendered":"Beratung + Planung"},"content":{"rendered":"<p>Vor der eigentlichen Dienstleistung steht unsere umfassende Beratung!<br \/>\nErfahren Sie vorher, welche Leistungen im Einzelnen in Anspruch genommen werden k\u00f6nnen und ob diese \u00fcber Kranken- und Pflegeversicherung finanziert werden oder ob wir mit Privatkosten rechnen w\u00fcrden.<br \/>\nWir helfen Ihnen bei der Antragstellung und Dokumentation und sind auch bei weiterf\u00fchrenden Fragen Ihr kompetenter Ansprechpartner.<br \/>\nSind alle Voraussetzungen erf\u00fcllt, stehen wir in engem Kontakt mit Ihrem Haus- und Facharzt, um die optimale Versorgung zu gew\u00e4hrleisten. So sind Sie stets rundum versorgt und alle medizinischen Ma\u00dfnahmen perfekt aufeinander abgestimmt.<br \/>\nUnser Dienstleistungsangebot wendet sich an pflegebed\u00fcrftige Menschen mit den folgenden Leistungen im groben \u00dcberblick:<br \/>\n\u2022 h\u00e4usliche bzw. medizinische Behandlungspflege gem. SGB V :<br \/>\nMedikamenteneinteilung und -gabe, Verbandswechsel, Injektionen, Wundversorgung, Dekubitusbehandlung, ebenso soll eine Sicherung des kurzzeitigen Ausfalls im Sinne von \u00a737,1 gegeben werden, usw.<br \/>\n\u2022 Grundpflege:<br \/>\nHilfe bei der K\u00f6rperpflege, der Ern\u00e4hrung, der Lagerung, welche sich nach dem Leistungskatalog des SGB XI richten und entweder \u00fcber die Pflegegrade abgerechnet oder nach privaten Rechnungen gezahlt werden, usw.<br \/>\n\u2022 Verhinderungspflege:<br \/>\nVertretung bei Ausfall der eigentlichen Pflegeperson, ebenfalls nach dem SGB XI gerichtet.<\/p>\n<p>Wir m\u00f6chten sie bis zum Ende des Lebensabends begleiten und in Ihrem Sinne umsorgen wie sie es sich w\u00fcnschen.<\/p>\n","protected":false},"excerpt":{"rendered":"<p>Vor der eigentlichen Dienstleistung steht unsere umfassende Beratung! Erfahren Sie vorher, welche Leistungen im Einzelnen in Anspruch genommen werden k\u00f6nnen und ob diese \u00fcber Kranken- und Pflegeversicherung finanziert werden oder ob wir mit Privatkosten rechnen w\u00fcrden. Wir helfen Ihnen bei der Antragstellung und Dokumentation und sind auch bei weiterf\u00fchrenden Fragen [&hellip;]<\/p>\n","protected":false},"author":2,"featured_media":0,"parent":0,"menu_order":0,"comment_status":"closed","ping_status":"closed","template":"","meta":[],"_links":{"self":[{"href":"https:\/\/jessys-pflegedienst.de\/index.php?rest_route=\/wp\/v2\/pages\/46"}],"collection":[{"href":"https:\/\/jessys-pflegedienst.de\/index.php?rest_route=\/wp\/v2\/pages"}],"about":[{"href":"https:\/\/jessys-pflegedienst.de\/index.php?rest_route=\/wp\/v2\/types\/page"}],"author":[{"embeddable":true,"href":"https:\/\/jessys-pflegedienst.de\/index.php?rest_route=\/wp\/v2\/users\/2"}],"replies":[{"embeddable":true,"href":"https:\/\/jessys-pflegedienst.de\/index.php?rest_route=%2Fwp%2Fv2%2Fcomments&post=46"}],"version-history":[{"count":1,"href":"https:\/\/jessys-pflegedienst.de\/index.php?rest_route=\/wp\/v2\/pages\/46\/revisions"}],"predecessor-version":[{"id":49,"href":"https:\/\/jessys-pflegedienst.de\/index.php?rest_route=\/wp\/v2\/pages\/46\/revisions\/49"}],"wp:attachment":[{"href":"https:\/\/jessys-pflegedienst.de\/index.php?rest_route=%2Fwp%2Fv2%2Fmedia&parent=46"}],"curies":[{"name":"wp","href":"https:\/\/api.w.org\/{rel}","templated":true}]}}