{"id":61,"date":"2018-03-12T20:59:46","date_gmt":"2018-03-12T20:59:46","guid":{"rendered":"http:\/\/jessys-pflegedienst.de\/?page_id=61"},"modified":"2018-03-12T20:59:46","modified_gmt":"2018-03-12T20:59:46","slug":"hauswirtschaftliche-versorgung","status":"publish","type":"page","link":"https:\/\/jessys-pflegedienst.de\/?page_id=61","title":{"rendered":"Hauswirtschaftliche Versorgung"},"content":{"rendered":"<p style=\"text-align: left;\">Auch im hauswirtschaftlichen Bereich stehen wir Ihnen t\u00e4glich zur Verf\u00fcgung: wir gehen f\u00fcr Sie oder auch mit Ihnen einkaufen, kochen, waschen, putzen und erledigen wichtige Beh\u00f6rdeng\u00e4nge f\u00fcr Sie und mit Ihnen.<br \/>\nWollen sie einfach nur mal wieder ein Eis essen in dem s\u00fc\u00dfen Caf\u00e9 um die Ecke, trauen sich alleine aber nicht? Kein Problem.<br \/>\nIhnen f\u00e4llt noch was anderes ein, wo es hapert oder was Sie gerne tun wollen oder m\u00fcssen? Rufen sie an und wir schauen was wir tun k\u00f6nnen!\n<\/p>\n<p style=\"text-align: center;\"><img loading=\"lazy\" width=\"110\" height=\"226\" class=\"alignnone  wp-image-62\" alt=\"\" src=\"https:\/\/jessys-pflegedienst.de\/wp-content\/uploads\/2018\/03\/24550605_2000086586918082_134712598_n-146x300.jpg\" srcset=\"https:\/\/jessys-pflegedienst.de\/wp-content\/uploads\/2018\/03\/24550605_2000086586918082_134712598_n-146x300.jpg 146w, https:\/\/jessys-pflegedienst.de\/wp-content\/uploads\/2018\/03\/24550605_2000086586918082_134712598_n.jpg 280w\" sizes=\"(max-width: 110px) 100vw, 110px\" \/> <img loading=\"lazy\" width=\"300\" height=\"225\" class=\"alignnone size-medium wp-image-63\" alt=\"\" src=\"https:\/\/jessys-pflegedienst.de\/wp-content\/uploads\/2018\/03\/IMG_20140614_182437-300x225.jpg\" srcset=\"https:\/\/jessys-pflegedienst.de\/wp-content\/uploads\/2018\/03\/IMG_20140614_182437-300x225.jpg 300w, https:\/\/jessys-pflegedienst.de\/wp-content\/uploads\/2018\/03\/IMG_20140614_182437-768x576.jpg 768w, https:\/\/jessys-pflegedienst.de\/wp-content\/uploads\/2018\/03\/IMG_20140614_182437-1024x768.jpg 1024w\" sizes=\"(max-width: 300px) 100vw, 300px\" \/><\/p>\n","protected":false},"excerpt":{"rendered":"<p>Auch im hauswirtschaftlichen Bereich stehen wir Ihnen t\u00e4glich zur Verf\u00fcgung: wir gehen f\u00fcr Sie oder auch mit Ihnen einkaufen, kochen, waschen, putzen und erledigen wichtige Beh\u00f6rdeng\u00e4nge f\u00fcr Sie und mit Ihnen. Wollen sie einfach nur mal wieder ein Eis essen in dem s\u00fc\u00dfen Caf\u00e9 um die Ecke, trauen sich alleine [&hellip;]<\/p>\n","protected":false},"author":2,"featured_media":0,"parent":0,"menu_order":0,"comment_status":"closed","ping_status":"closed","template":"","meta":[],"_links":{"self":[{"href":"https:\/\/jessys-pflegedienst.de\/index.php?rest_route=\/wp\/v2\/pages\/61"}],"collection":[{"href":"https:\/\/jessys-pflegedienst.de\/index.php?rest_route=\/wp\/v2\/pages"}],"about":[{"href":"https:\/\/jessys-pflegedienst.de\/index.php?rest_route=\/wp\/v2\/types\/page"}],"author":[{"embeddable":true,"href":"https:\/\/jessys-pflegedienst.de\/index.php?rest_route=\/wp\/v2\/users\/2"}],"replies":[{"embeddable":true,"href":"https:\/\/jessys-pflegedienst.de\/index.php?rest_route=%2Fwp%2Fv2%2Fcomments&post=61"}],"version-history":[{"count":1,"href":"https:\/\/jessys-pflegedienst.de\/index.php?rest_route=\/wp\/v2\/pages\/61\/revisions"}],"predecessor-version":[{"id":66,"href":"https:\/\/jessys-pflegedienst.de\/index.php?rest_route=\/wp\/v2\/pages\/61\/revisions\/66"}],"wp:attachment":[{"href":"https:\/\/jessys-pflegedienst.de\/index.php?rest_route=%2Fwp%2Fv2%2Fmedia&parent=61"}],"curies":[{"name":"wp","href":"https:\/\/api.w.org\/{rel}","templated":true}]}}